{"id":154,"date":"2025-12-15T16:12:36","date_gmt":"2025-12-15T15:12:36","guid":{"rendered":"https:\/\/apoloinstruments.es\/?page_id=154"},"modified":"2026-01-02T17:35:33","modified_gmt":"2026-01-02T16:35:33","slug":"nuestra-historia","status":"publish","type":"page","link":"https:\/\/apoloinstruments.es\/en\/nuestra-historia\/","title":{"rendered":"Nuestra historia"},"content":{"rendered":"<div data-elementor-type=\"wp-page\" data-elementor-id=\"154\" class=\"elementor elementor-154\" data-elementor-post-type=\"page\">\n\t\t\t\t<div class=\"elementor-element elementor-element-54343f92 e-flex e-con-boxed e-con e-parent\" data-id=\"54343f92\" data-element_type=\"container\">\n\t\t\t\t\t<div class=\"e-con-inner\">\n\t\t<div class=\"elementor-element elementor-element-47c05d40 e-con-full e-flex e-con e-child\" data-id=\"47c05d40\" data-element_type=\"container\" data-settings=\"{&quot;background_background&quot;:&quot;classic&quot;}\">\n\t\t<div class=\"elementor-element elementor-element-1a60a844 e-con-full e-flex e-con e-child\" data-id=\"1a60a844\" data-element_type=\"container\">\n\t\t\t\t<div class=\"elementor-element elementor-element-c85bb08 elementor-widget elementor-widget-heading\" data-id=\"c85bb08\" data-element_type=\"widget\" data-widget_type=\"heading.default\">\n\t\t\t\t\t<h1 class=\"elementor-heading-title elementor-size-default\">Conoce nuestra historia<\/h1>\t\t\t\t<\/div>\n\t\t\t\t<div class=\"elementor-element elementor-element-515c36e9 elementor-widget elementor-widget-text-editor\" data-id=\"515c36e9\" data-element_type=\"widget\" data-widget_type=\"text-editor.default\">\n\t\t\t\t\t\t\t\t\t<p>Nuestro compromiso con la m\u00fasica tiene d\u00e9cadas.<\/p>\t\t\t\t\t\t\t\t<\/div>\n\t\t\t\t<\/div>\n\t\t<div class=\"elementor-element elementor-element-31d7a96b e-con-full e-flex e-con e-child\" data-id=\"31d7a96b\" data-element_type=\"container\">\n\t\t\t\t<div class=\"elementor-element elementor-element-6f765d7e animated-fast elementor-invisible elementor-widget elementor-widget-image\" data-id=\"6f765d7e\" data-element_type=\"widget\" data-settings=\"{&quot;_animation_delay&quot;:&quot;120&quot;,&quot;_animation&quot;:&quot;fadeInUp blur&quot;}\" data-widget_type=\"image.default\">\n\t\t\t\t\t\t\t\t\t\t\t\t\t\t\t<img fetchpriority=\"high\" decoding=\"async\" width=\"1940\" height=\"1293\" src=\"https:\/\/apoloinstruments.es\/wp-content\/uploads\/2025\/12\/trombon.webp\" class=\"attachment-full size-full wp-image-143\" alt=\"Apolo instruments\" srcset=\"https:\/\/apoloinstruments.es\/wp-content\/uploads\/2025\/12\/trombon.webp 1940w, https:\/\/apoloinstruments.es\/wp-content\/uploads\/2025\/12\/trombon-300x200.webp 300w, https:\/\/apoloinstruments.es\/wp-content\/uploads\/2025\/12\/trombon-1024x682.webp 1024w, https:\/\/apoloinstruments.es\/wp-content\/uploads\/2025\/12\/trombon-768x512.webp 768w, https:\/\/apoloinstruments.es\/wp-content\/uploads\/2025\/12\/trombon-1536x1024.webp 1536w, https:\/\/apoloinstruments.es\/wp-content\/uploads\/2025\/12\/trombon-650x433.webp 650w, https:\/\/apoloinstruments.es\/wp-content\/uploads\/2025\/12\/trombon-600x400.webp 600w\" sizes=\"(max-width: 1940px) 100vw, 1940px\" \/>\t\t\t\t\t\t\t\t\t\t\t\t\t\t\t<\/div>\n\t\t\t\t<\/div>\n\t\t\t\t<\/div>\n\t\t<div class=\"elementor-element elementor-element-4157fa90 e-con-full e-grid e-con e-child\" data-id=\"4157fa90\" data-element_type=\"container\">\n\t\t\t\t<div class=\"elementor-element elementor-element-65791430 ui-e-align-left ui-e-align-tablet-left ui-e-top ui-e-align-mobile-center elementor-widget elementor-widget-uicore-icon-box\" data-id=\"65791430\" data-element_type=\"widget\" data-settings=\"{&quot;position&quot;:&quot;top&quot;,&quot;content_padding&quot;:{&quot;unit&quot;:&quot;px&quot;,&quot;top&quot;:&quot;&quot;,&quot;right&quot;:&quot;&quot;,&quot;bottom&quot;:&quot;&quot;,&quot;left&quot;:&quot;&quot;,&quot;isLinked&quot;:true},&quot;content_padding_tablet&quot;:{&quot;unit&quot;:&quot;px&quot;,&quot;top&quot;:&quot;&quot;,&quot;right&quot;:&quot;&quot;,&quot;bottom&quot;:&quot;&quot;,&quot;left&quot;:&quot;&quot;,&quot;isLinked&quot;:true},&quot;content_padding_mobile&quot;:{&quot;unit&quot;:&quot;px&quot;,&quot;top&quot;:&quot;&quot;,&quot;right&quot;:&quot;&quot;,&quot;bottom&quot;:&quot;&quot;,&quot;left&quot;:&quot;&quot;,&quot;isLinked&quot;:true}}\" data-widget_type=\"uicore-icon-box.default\">\n\t\t\t\t\t\n        <div class=\"ui-e-ico-box\" >\n\n            \n            <div class='ui-e-flex-wrp'>\n\n                \n                <div class=\"ui-e-title-wrp\"><h3 class=\"ui-e-title\">Artesanos desde 1970<\/h3><div class='ui-e-subtitle'>  La Tradici\u00f3n de los Tambores de Mula <\/div><\/div>\n            <\/div>\n\n            <div class=\"ui-e-box-content\">\n                \n                <div class=\"ui-e-description\">\n                    <p data-start=\"259\" data-end=\"470\">Todo empez\u00f3 en <strong data-start=\"274\" data-end=\"282\">Mula<\/strong>.<\/p><p data-start=\"259\" data-end=\"470\"><br data-start=\"283\" data-end=\"286\" \/>En un taller donde, durante generaciones, se fabricaron <strong data-start=\"342\" data-end=\"373\">tambores de forma artesanal<\/strong>, uno a uno, siguiendo una tradici\u00f3n profundamente ligada a la m\u00fasica y a la identidad del lugar.<\/p><p data-start=\"472\" data-end=\"620\">Ese trabajo marc\u00f3 una manera de entender el oficio: respeto por el material, precisi\u00f3n en cada paso y la convicci\u00f3n de que la calidad no se negocia.<\/p><p data-start=\"652\" data-end=\"837\"><br data-start=\"691\" data-end=\"694\" \/>Ah\u00ed se aprendi\u00f3 que el sonido se construye con paciencia, que cada instrumento exige atenci\u00f3n absoluta y que el trabajo bien hecho deja huella.<\/p><p data-start=\"839\" data-end=\"936\">Con el tiempo, ese mismo criterio se traslad\u00f3 a un nuevo terreno: los <strong data-start=\"909\" data-end=\"935\">instrumentos de viento<\/strong>.<\/p><p data-start=\"839\" data-end=\"936\"><strong data-start=\"966\" data-end=\"987\">Apolo Instruments<\/strong> nace como la evoluci\u00f3n de ese origen artesanal.<\/p><p data-start=\"839\" data-end=\"936\"><br data-start=\"1035\" data-end=\"1038\" \/>Una marca especializada en instrumentos de viento que aplica el mismo rigor aprendido en la fabricaci\u00f3n tradicional de tambores, ahora combinado con tecnolog\u00eda, procesos profesionales y est\u00e1ndares actuales.<\/p><p data-start=\"839\" data-end=\"936\">Hoy seleccionamos instrumentos de viento pensados para m\u00fasicos exigentes, escuelas y distribuidores que buscan fiabilidad, consistencia y calidad real.<\/p>                <\/div>\n\n                \n            <\/div>\n        <\/div>\n\t\t\t\t<\/div>\n\t\t\t\t<\/div>\n\t\t\t\t\t<\/div>\n\t\t\t\t<\/div>\n\t\t<div class=\"elementor-element elementor-element-4365e796 e-flex e-con-boxed e-con e-parent\" data-id=\"4365e796\" data-element_type=\"container\">\n\t\t\t\t\t<div class=\"e-con-inner\">\n\t\t<div class=\"elementor-element elementor-element-2664f23c e-con-full e-flex e-con e-child\" data-id=\"2664f23c\" data-element_type=\"container\">\n\t\t<div class=\"elementor-element elementor-element-2174f7ee e-con-full ui-borderanim-hover e-flex e-con e-child\" data-id=\"2174f7ee\" data-element_type=\"container\" data-settings=\"{&quot;background_background&quot;:&quot;classic&quot;}\">\n\t\t\t\t<div class=\"elementor-element elementor-element-5b426e3d elementor-widget__width-initial ui-e-a-animate elementor-widget elementor-widget-highlighted-text\" data-id=\"5b426e3d\" data-element_type=\"widget\" data-widget_type=\"highlighted-text.default\">\n\t\t\t\t\t        <h2 class=\"ui-e--highlighted-text\">\n            <span class=\"ui-e-headline-text elementor-repeater-item-5d9cb45\">Explora nuestro<\/span><span class=\"ui-e-headline-text elementor-repeater-item-b92b10e\">cat\u00e1logo<\/span>        <\/h2>\n    \t\t\t\t<\/div>\n\t\t\t\t<div class=\"elementor-element elementor-element-7a2a8efc elementor-widget__width-initial elementor-widget elementor-widget-text-editor\" data-id=\"7a2a8efc\" data-element_type=\"widget\" data-widget_type=\"text-editor.default\">\n\t\t\t\t\t\t\t\t\t<p>Encuentra todo lo que necesitas en nuestro cat\u00e1logo.<\/p>\t\t\t\t\t\t\t\t<\/div>\n\t\t<div class=\"elementor-element elementor-element-509c9ce2 e-con-full e-flex e-con e-child\" data-id=\"509c9ce2\" data-element_type=\"container\">\n\t\t\t\t<div class=\"elementor-element elementor-element-69aab1cf elementor-widget elementor-widget-button\" data-id=\"69aab1cf\" data-element_type=\"widget\" data-widget_type=\"button.default\">\n\t\t\t\t\t\t\t\t\t\t<a class=\"elementor-button elementor-button-link elementor-size-sm\" href=\"https:\/\/uicore.pro\/templates\/autocore\/contact\/\">\n\t\t\t\t\t\t<span class=\"elementor-button-content-wrapper\">\n\t\t\t\t\t\t\t\t\t<span class=\"elementor-button-text\">Ver cat\u00e1logo<\/span>\n\t\t\t\t\t<\/span>\n\t\t\t\t\t<\/a>\n\t\t\t\t\t\t\t\t<\/div>\n\t\t\t\t<\/div>\n\t\t\t\t<div class=\"elementor-element elementor-element-7867474d elementor-absolute elementor-invisible elementor-widget elementor-widget-image\" data-id=\"7867474d\" data-element_type=\"widget\" data-settings=\"{&quot;_position&quot;:&quot;absolute&quot;,&quot;_animation_delay&quot;:250,&quot;_animation&quot;:&quot;fadeInRight blur&quot;}\" data-widget_type=\"image.default\">\n\t\t\t\t\t\t\t\t\t\t\t\t\t\t\t<img decoding=\"async\" width=\"683\" height=\"1024\" src=\"https:\/\/apoloinstruments.es\/wp-content\/uploads\/2025\/12\/hermoso-saxofon-dorado-madera-1-683x1024.webp\" class=\"attachment-large size-large wp-image-275\" alt=\"Apolo instruments - saxof\u00f3n\" srcset=\"https:\/\/apoloinstruments.es\/wp-content\/uploads\/2025\/12\/hermoso-saxofon-dorado-madera-1-683x1024.webp 683w, https:\/\/apoloinstruments.es\/wp-content\/uploads\/2025\/12\/hermoso-saxofon-dorado-madera-1-200x300.webp 200w, https:\/\/apoloinstruments.es\/wp-content\/uploads\/2025\/12\/hermoso-saxofon-dorado-madera-1-768x1152.webp 768w, https:\/\/apoloinstruments.es\/wp-content\/uploads\/2025\/12\/hermoso-saxofon-dorado-madera-1-433x650.webp 433w, https:\/\/apoloinstruments.es\/wp-content\/uploads\/2025\/12\/hermoso-saxofon-dorado-madera-1-600x900.webp 600w, https:\/\/apoloinstruments.es\/wp-content\/uploads\/2025\/12\/hermoso-saxofon-dorado-madera-1.webp 1000w\" sizes=\"(max-width: 683px) 100vw, 683px\" \/>\t\t\t\t\t\t\t\t\t\t\t\t\t\t\t<\/div>\n\t\t\t\t<\/div>\n\t\t\t\t<\/div>\n\t\t\t\t\t<\/div>\n\t\t\t\t<\/div>\n\t\t\t\t<\/div>","protected":false},"excerpt":{"rendered":"<p>Conoce nuestra historia Nuestro compromiso con la m\u00fasica tiene d\u00e9cadas. Artesanos desde 1970 La Tradici\u00f3n de los Tambores de Mula Todo empez\u00f3 [&hellip;]<\/p>","protected":false},"author":3,"featured_media":0,"parent":0,"menu_order":0,"comment_status":"closed","ping_status":"closed","template":"","meta":{"footnotes":""},"class_list":["post-154","page","type-page","status-publish","hentry"],"yoast_head":"<!-- This site is optimized with the Yoast SEO plugin v26.6 - https:\/\/yoast.com\/wordpress\/plugins\/seo\/ -->\n<title>Nuestra historia - Apolo Musical Instruments<\/title>\n<meta name=\"robots\" content=\"index, follow, max-snippet:-1, max-image-preview:large, max-video-preview:-1\" \/>\n<link rel=\"canonical\" href=\"https:\/\/apoloinstruments.es\/en\/nuestra-historia\/\" \/>\n<meta property=\"og:locale\" content=\"en_GB\" \/>\n<meta property=\"og:type\" content=\"article\" \/>\n<meta property=\"og:title\" content=\"Nuestra historia - Apolo Musical Instruments\" \/>\n<meta property=\"og:description\" content=\"Conoce nuestra historia Nuestro compromiso con la m\u00fasica tiene d\u00e9cadas. Artesanos desde 1970 La Tradici\u00f3n de los Tambores de Mula Todo empez\u00f3 [&hellip;]\" \/>\n<meta property=\"og:url\" content=\"https:\/\/apoloinstruments.es\/en\/nuestra-historia\/\" \/>\n<meta property=\"og:site_name\" content=\"Apolo Musical Instruments\" \/>\n<meta property=\"article:modified_time\" content=\"2026-01-02T16:35:33+00:00\" \/>\n<meta property=\"og:image\" content=\"https:\/\/apoloinstruments.es\/wp-content\/uploads\/2025\/12\/trombon.webp\" \/>\n\t<meta property=\"og:image:width\" content=\"1940\" \/>\n\t<meta property=\"og:image:height\" content=\"1293\" \/>\n\t<meta property=\"og:image:type\" content=\"image\/webp\" \/>\n<meta name=\"twitter:card\" content=\"summary_large_image\" \/>\n<meta name=\"twitter:label1\" content=\"Estimated reading time\" \/>\n\t<meta name=\"twitter:data1\" content=\"1 minute\" \/>\n<script type=\"application\/ld+json\" class=\"yoast-schema-graph\">{\"@context\":\"https:\/\/schema.org\",\"@graph\":[{\"@type\":\"WebPage\",\"@id\":\"https:\/\/apoloinstruments.es\/nuestra-historia\/\",\"url\":\"https:\/\/apoloinstruments.es\/nuestra-historia\/\",\"name\":\"Nuestra historia - Apolo Musical Instruments\",\"isPartOf\":{\"@id\":\"https:\/\/apoloinstruments.es\/#website\"},\"primaryImageOfPage\":{\"@id\":\"https:\/\/apoloinstruments.es\/nuestra-historia\/#primaryimage\"},\"image\":{\"@id\":\"https:\/\/apoloinstruments.es\/nuestra-historia\/#primaryimage\"},\"thumbnailUrl\":\"https:\/\/apoloinstruments.es\/wp-content\/uploads\/2025\/12\/trombon.webp\",\"datePublished\":\"2025-12-15T15:12:36+00:00\",\"dateModified\":\"2026-01-02T16:35:33+00:00\",\"breadcrumb\":{\"@id\":\"https:\/\/apoloinstruments.es\/nuestra-historia\/#breadcrumb\"},\"inLanguage\":\"en-GB\",\"potentialAction\":[{\"@type\":\"ReadAction\",\"target\":[\"https:\/\/apoloinstruments.es\/nuestra-historia\/\"]}]},{\"@type\":\"ImageObject\",\"inLanguage\":\"en-GB\",\"@id\":\"https:\/\/apoloinstruments.es\/nuestra-historia\/#primaryimage\",\"url\":\"https:\/\/apoloinstruments.es\/wp-content\/uploads\/2025\/12\/trombon.webp\",\"contentUrl\":\"https:\/\/apoloinstruments.es\/wp-content\/uploads\/2025\/12\/trombon.webp\"},{\"@type\":\"BreadcrumbList\",\"@id\":\"https:\/\/apoloinstruments.es\/nuestra-historia\/#breadcrumb\",\"itemListElement\":[{\"@type\":\"ListItem\",\"position\":1,\"name\":\"Portada\",\"item\":\"https:\/\/apoloinstruments.es\/\"},{\"@type\":\"ListItem\",\"position\":2,\"name\":\"Nuestra historia\"}]},{\"@type\":\"WebSite\",\"@id\":\"https:\/\/apoloinstruments.es\/#website\",\"url\":\"https:\/\/apoloinstruments.es\/\",\"name\":\"Apolo Musical Instruments\",\"description\":\"\",\"publisher\":{\"@id\":\"https:\/\/apoloinstruments.es\/#organization\"},\"potentialAction\":[{\"@type\":\"SearchAction\",\"target\":{\"@type\":\"EntryPoint\",\"urlTemplate\":\"https:\/\/apoloinstruments.es\/?s={search_term_string}\"},\"query-input\":{\"@type\":\"PropertyValueSpecification\",\"valueRequired\":true,\"valueName\":\"search_term_string\"}}],\"inLanguage\":\"en-GB\"},{\"@type\":\"Organization\",\"@id\":\"https:\/\/apoloinstruments.es\/#organization\",\"name\":\"Apolo Musical Instruments\",\"url\":\"https:\/\/apoloinstruments.es\/\",\"logo\":{\"@type\":\"ImageObject\",\"inLanguage\":\"en-GB\",\"@id\":\"https:\/\/apoloinstruments.es\/#\/schema\/logo\/image\/\",\"url\":\"https:\/\/apoloinstruments.es\/wp-content\/uploads\/2025\/12\/apolo-musical-instruments-logo-compacto-blanco.webp\",\"contentUrl\":\"https:\/\/apoloinstruments.es\/wp-content\/uploads\/2025\/12\/apolo-musical-instruments-logo-compacto-blanco.webp\",\"width\":883,\"height\":1024,\"caption\":\"Apolo Musical Instruments\"},\"image\":{\"@id\":\"https:\/\/apoloinstruments.es\/#\/schema\/logo\/image\/\"}}]}<\/script>\n<!-- \/ Yoast SEO plugin. -->","yoast_head_json":{"title":"Nuestra historia - Apolo Musical Instruments","robots":{"index":"index","follow":"follow","max-snippet":"max-snippet:-1","max-image-preview":"max-image-preview:large","max-video-preview":"max-video-preview:-1"},"canonical":"https:\/\/apoloinstruments.es\/en\/nuestra-historia\/","og_locale":"en_GB","og_type":"article","og_title":"Nuestra historia - Apolo Musical Instruments","og_description":"Conoce nuestra historia Nuestro compromiso con la m\u00fasica tiene d\u00e9cadas. Artesanos desde 1970 La Tradici\u00f3n de los Tambores de Mula Todo empez\u00f3 [&hellip;]","og_url":"https:\/\/apoloinstruments.es\/en\/nuestra-historia\/","og_site_name":"Apolo Musical Instruments","article_modified_time":"2026-01-02T16:35:33+00:00","og_image":[{"width":1940,"height":1293,"url":"https:\/\/apoloinstruments.es\/wp-content\/uploads\/2025\/12\/trombon.webp","type":"image\/webp"}],"twitter_card":"summary_large_image","twitter_misc":{"Estimated reading time":"1 minute"},"schema":{"@context":"https:\/\/schema.org","@graph":[{"@type":"WebPage","@id":"https:\/\/apoloinstruments.es\/nuestra-historia\/","url":"https:\/\/apoloinstruments.es\/nuestra-historia\/","name":"Nuestra historia - Apolo Musical Instruments","isPartOf":{"@id":"https:\/\/apoloinstruments.es\/#website"},"primaryImageOfPage":{"@id":"https:\/\/apoloinstruments.es\/nuestra-historia\/#primaryimage"},"image":{"@id":"https:\/\/apoloinstruments.es\/nuestra-historia\/#primaryimage"},"thumbnailUrl":"https:\/\/apoloinstruments.es\/wp-content\/uploads\/2025\/12\/trombon.webp","datePublished":"2025-12-15T15:12:36+00:00","dateModified":"2026-01-02T16:35:33+00:00","breadcrumb":{"@id":"https:\/\/apoloinstruments.es\/nuestra-historia\/#breadcrumb"},"inLanguage":"en-GB","potentialAction":[{"@type":"ReadAction","target":["https:\/\/apoloinstruments.es\/nuestra-historia\/"]}]},{"@type":"ImageObject","inLanguage":"en-GB","@id":"https:\/\/apoloinstruments.es\/nuestra-historia\/#primaryimage","url":"https:\/\/apoloinstruments.es\/wp-content\/uploads\/2025\/12\/trombon.webp","contentUrl":"https:\/\/apoloinstruments.es\/wp-content\/uploads\/2025\/12\/trombon.webp"},{"@type":"BreadcrumbList","@id":"https:\/\/apoloinstruments.es\/nuestra-historia\/#breadcrumb","itemListElement":[{"@type":"ListItem","position":1,"name":"Portada","item":"https:\/\/apoloinstruments.es\/"},{"@type":"ListItem","position":2,"name":"Nuestra historia"}]},{"@type":"WebSite","@id":"https:\/\/apoloinstruments.es\/#website","url":"https:\/\/apoloinstruments.es\/","name":"Apolo Musical Instruments","description":"","publisher":{"@id":"https:\/\/apoloinstruments.es\/#organization"},"potentialAction":[{"@type":"SearchAction","target":{"@type":"EntryPoint","urlTemplate":"https:\/\/apoloinstruments.es\/?s={search_term_string}"},"query-input":{"@type":"PropertyValueSpecification","valueRequired":true,"valueName":"search_term_string"}}],"inLanguage":"en-GB"},{"@type":"Organization","@id":"https:\/\/apoloinstruments.es\/#organization","name":"Apolo Musical Instruments","url":"https:\/\/apoloinstruments.es\/","logo":{"@type":"ImageObject","inLanguage":"en-GB","@id":"https:\/\/apoloinstruments.es\/#\/schema\/logo\/image\/","url":"https:\/\/apoloinstruments.es\/wp-content\/uploads\/2025\/12\/apolo-musical-instruments-logo-compacto-blanco.webp","contentUrl":"https:\/\/apoloinstruments.es\/wp-content\/uploads\/2025\/12\/apolo-musical-instruments-logo-compacto-blanco.webp","width":883,"height":1024,"caption":"Apolo Musical Instruments"},"image":{"@id":"https:\/\/apoloinstruments.es\/#\/schema\/logo\/image\/"}}]}},"_links":{"self":[{"href":"https:\/\/apoloinstruments.es\/en\/wp-json\/wp\/v2\/pages\/154","targetHints":{"allow":["GET"]}}],"collection":[{"href":"https:\/\/apoloinstruments.es\/en\/wp-json\/wp\/v2\/pages"}],"about":[{"href":"https:\/\/apoloinstruments.es\/en\/wp-json\/wp\/v2\/types\/page"}],"author":[{"embeddable":true,"href":"https:\/\/apoloinstruments.es\/en\/wp-json\/wp\/v2\/users\/3"}],"replies":[{"embeddable":true,"href":"https:\/\/apoloinstruments.es\/en\/wp-json\/wp\/v2\/comments?post=154"}],"version-history":[{"count":52,"href":"https:\/\/apoloinstruments.es\/en\/wp-json\/wp\/v2\/pages\/154\/revisions"}],"predecessor-version":[{"id":589,"href":"https:\/\/apoloinstruments.es\/en\/wp-json\/wp\/v2\/pages\/154\/revisions\/589"}],"wp:attachment":[{"href":"https:\/\/apoloinstruments.es\/en\/wp-json\/wp\/v2\/media?parent=154"}],"curies":[{"name":"wp","href":"https:\/\/api.w.org\/{rel}","templated":true}]}}