{"id":451,"date":"2026-01-02T13:26:32","date_gmt":"2026-01-02T12:26:32","guid":{"rendered":"https:\/\/apoloinstruments.es\/?page_id=451"},"modified":"2026-01-02T13:26:33","modified_gmt":"2026-01-02T12:26:33","slug":"accesibilidad","status":"publish","type":"page","link":"https:\/\/apoloinstruments.es\/en\/accesibilidad\/","title":{"rendered":"Accesibilidad"},"content":{"rendered":"<p>Apolo Musical Instruments se ha comprometido a hacer accesibles su sitios web&nbsp;de conformidad con el&nbsp;<a href=\"https:\/\/www.boe.es\/buscar\/act.php?id=BOE-A-2018-12699\"><strong>Real Decreto 1112\/2018, de 7 de septiembre, sobre accesibilidad de los sitios web y aplicaciones para dispositivos m\u00f3viles del sector p\u00fablico<\/strong><\/a>.<\/p>\n\n\n\n<h3 class=\"wp-block-heading\">SITUACI\u00d3N DE CUMPLIMIENTO<\/h3>\n\n\n\n<p>Este sitio web es&nbsp;<strong>parcialmente conforme<\/strong>&nbsp;con el&nbsp;<a href=\"https:\/\/www.boe.es\/diario_boe\/txt.php?id=BOE-A-2018-12699\"><strong>RD 1112\/2018<\/strong><\/a>&nbsp;debido a las excepciones y a la falta de conformidad de los aspectos que se indican a continuaci\u00f3n.<\/p>\n\n\n\n<h3 class=\"wp-block-heading\">CONTENIDO NO ACCESIBLE<\/h3>\n\n\n\n<p>El contenido que se recoge a continuaci\u00f3n no es accesible por lo siguiente:&nbsp;<\/p>\n\n\n\n<ul class=\"wp-block-list\">\n<li><strong>Falta de conformidad con el RD 1112\/2018:<\/strong>\n<ul class=\"wp-block-list\">\n<li>En el portal pueden existir contenidos en otros idiomas en los que no est\u00e1 etiquetado correctamente el cambio de idioma<\/li>\n\n\n\n<li>Los elementos multimedia solo audio no tienen alternativa<\/li>\n\n\n\n<li>Existen v\u00eddeos sin subt\u00edtulos<\/li>\n\n\n\n<li>Hay contenido textual sin un contraste suficiente<\/li>\n\n\n\n<li>Se observa como en algunos casos el foco no cumple con el m\u00ednimo ratio de contraste requerido<\/li>\n\n\n\n<li>En alg\u00fan caso puede producirse solapamiento de contenido<\/li>\n\n\n\n<li>Existen documentos PDF con problemas de accesibilidad<\/li>\n<\/ul>\n<\/li>\n\n\n\n<li><strong>Carga desproporcionada:<\/strong><\/li>\n<\/ul>\n\n\n\n<p>&nbsp; &nbsp; &nbsp; &nbsp; &nbsp; No aplica.<\/p>\n\n\n\n<ul class=\"wp-block-list\">\n<li><strong>Contenido no entra dentro del \u00e1mbito de la legislaci\u00f3n aplicable:<\/strong><\/li>\n<\/ul>\n\n\n\n<p>&nbsp; &nbsp; &nbsp; &nbsp; &nbsp; Pueden existir documentos en formato&nbsp;PDF&nbsp;publicados antes del 20 de septiembre de 2018 que no cumplan en su totalidad todos los requisitos de accesibilidad.<\/p>\n\n\n\n<h3 class=\"wp-block-heading\">PREPARACI\u00d3N DE LA PRESENTE DECLARACI\u00d3N DE ACCESIBILIDAD<\/h3>\n\n\n\n<p>La presente declaraci\u00f3n fue preparada el [FECHA].<\/p>\n\n\n\n<p>El m\u00e9todo empleado para la presente declaraci\u00f3n ha sido una autoevaluaci\u00f3n realizada por la propia empresa con el soporte de la&nbsp;<a href=\"https:\/\/herramienta-ira.administracionelectronica.gob.es\/#!\/\"><strong>Herramienta IRA (Informe de Revisi\u00f3n de Accesibilidad)<\/strong><\/a>&nbsp;del Observatorio de Accesibilidad.<\/p>\n\n\n\n<p>\u00daltima revisi\u00f3n de la declaraci\u00f3n: [FECHA].<\/p>\n\n\n\n<h2 class=\"wp-block-heading\">OBSERVACIONES Y DATOS DE CONTACTO<\/h2>\n\n\n\n<h4 class=\"wp-block-heading\"><em>Comunicaciones sobre requisitos de accesibilidad<\/em><\/h4>\n\n\n\n<p>Puede realizar&nbsp;comunicaciones&nbsp;sobre requisitos de accesibilidad (art\u00edculo 10.2.a del RD 1112\/2018) como, por ejemplo:<\/p>\n\n\n\n<ul class=\"wp-block-list\">\n<li><strong>informar sobre cualquier posible incumplimiento por parte de este sitio web<\/strong><\/li>\n\n\n\n<li><strong>transmitir otras\u00a0dificultades de acceso\u00a0al contenido<\/strong><\/li>\n\n\n\n<li><strong>formular cualquier otra\u00a0consulta o sugerencia de mejora\u00a0relativa a la accesibilidad del sitio web<\/strong><\/li>\n<\/ul>\n\n\n\n<p>a trav\u00e9s del&nbsp;<a href=\"https:\/\/docs.google.com\/document\/d\/1f6rhcKzva3l9JMuEnuojBwigWwNetcCC\/edit#bookmark=id.m46ljit5w6fg\"><strong>formulario de contacto<\/strong><\/a>.<\/p>\n\n\n\n<p>Las comunicaciones ser\u00e1n recibidas y tratadas por la Unidad Responsable de Accesibilidad de la Subdirecci\u00f3n General de Promoci\u00f3n y Autorizaciones.<\/p>\n\n\n\n<h4 class=\"wp-block-heading\"><em>Solicitudes de informaci\u00f3n accesible y quejas<\/em><\/h4>\n\n\n\n<p>A trav\u00e9s del&nbsp;<a href=\"https:\/\/docs.google.com\/document\/d\/1f6rhcKzva3l9JMuEnuojBwigWwNetcCC\/edit#bookmark=id.m46ljit5w6fg\"><strong>formulario de contacto<\/strong><\/a>&nbsp;puede presentar:<\/p>\n\n\n\n<ul class=\"wp-block-list\">\n<li><strong>una Queja relativa al cumplimiento de los requisitos del RD 1112\/2018 o<\/strong><\/li>\n\n\n\n<li><strong>una Solicitud de Informaci\u00f3n accesible relativa a:<\/strong>\n<ul class=\"wp-block-list\">\n<li>contenidos que est\u00e1n excluidos del \u00e1mbito de aplicaci\u00f3n del RD 1112\/2018 seg\u00fan lo establecido por el art\u00edculo 3, apartado 4<\/li>\n\n\n\n<li>contenidos que est\u00e1n exentos del cumplimiento de los requisitos de accesibilidad por imponer una carga desproporcionada.<\/li>\n<\/ul>\n<\/li>\n<\/ul>\n\n\n\n<p>En la Solicitud de informaci\u00f3n accesible, se debe concretar, con toda claridad, los hechos, razones y petici\u00f3n que permitan constatar que se trata de una solicitud razonable y leg\u00edtima.<\/p>\n\n\n\n<h3 class=\"wp-block-heading\">PROCEDIMIENTO DE APLICACI\u00d3N<\/h3>\n\n\n\n<p>Si una vez realizada una solicitud de informaci\u00f3n accesible o queja, \u00e9sta hubiera sido desestimada, no se estuviera de acuerdo con la decisi\u00f3n adoptada, o la respuesta no cumpliera los requisitos contemplados en el art\u00edculo 12.5 del RD 1112\/2018, la persona interesada podr\u00e1 iniciar una reclamaci\u00f3n. Igualmente se podr\u00e1 iniciar una reclamaci\u00f3n en el caso de no haber obtenido respuesta.<\/p>\n\n\n\n<p>El procedimiento reclamaci\u00f3n recogido en el art\u00edculo 13 del RD 1112\/2018, puede iniciarse a trav\u00e9s del&nbsp;<a href=\"https:\/\/docs.google.com\/document\/d\/1f6rhcKzva3l9JMuEnuojBwigWwNetcCC\/edit#bookmark=id.m46ljit5w6fg\"><strong>formulario de contacto<\/strong><\/a>.<\/p>\n\n\n\n<h3 class=\"wp-block-heading\">CONTENIDO OPCIONAL<\/h3>\n\n\n\n<p>El sitio web:<\/p>\n\n\n\n<ul class=\"wp-block-list\">\n<li><strong>se ha dise\u00f1ado adapt\u00e1ndose a los est\u00e1ndares y normativas vigentes en relaci\u00f3n a la accesibilidad, cumpliendo con los puntos de verificaci\u00f3n de prioridad 2 (AA) definidos en la especificaci\u00f3n de Pautas de Accesibilidad al Contenido en la Web (WCAG 2.1)<\/strong><\/li>\n\n\n\n<li><strong>est\u00e1 optimizado para las \u00faltimas versiones vigentes de Chrome, Edge, Firefox, Safari y Opera<\/strong><\/li>\n\n\n\n<li><strong>est\u00e1 dise\u00f1ado para su correcta visualizaci\u00f3n en cualquier resoluci\u00f3n y dispositivo de escritorio, tabletas o m\u00f3viles\u00a0(dise\u00f1o\u00a0<\/strong><strong><em>responsive<\/em><\/strong><strong>)<\/strong><\/li>\n\n\n\n<li><strong>se ha realizado utilizando HTML5 como lenguaje de marcado y hojas de estilo CSS 3 para su dise\u00f1o<\/strong><\/li>\n<\/ul>\n\n\n\n<p>Adem\u00e1s, se realiza un trabajo continuo de auditor\u00eda y revisi\u00f3n de contenidos para facilitar su interpretaci\u00f3n y mejorar la navegaci\u00f3n por el portal web.<\/p>","protected":false},"excerpt":{"rendered":"<p>Apolo Musical Instruments se ha comprometido a hacer accesibles su sitios web&nbsp;de conformidad con el&nbsp;Real Decreto 1112\/2018, de 7 de septiembre, sobre [&hellip;]<\/p>","protected":false},"author":3,"featured_media":0,"parent":0,"menu_order":0,"comment_status":"closed","ping_status":"closed","template":"","meta":{"footnotes":""},"class_list":["post-451","page","type-page","status-publish","hentry"],"yoast_head":"<!-- This site is optimized with the Yoast SEO plugin v26.6 - https:\/\/yoast.com\/wordpress\/plugins\/seo\/ -->\n<title>Accesibilidad - Apolo Musical Instruments<\/title>\n<meta name=\"robots\" content=\"index, follow, max-snippet:-1, max-image-preview:large, max-video-preview:-1\" \/>\n<link rel=\"canonical\" href=\"https:\/\/apoloinstruments.es\/en\/accesibilidad\/\" \/>\n<meta property=\"og:locale\" content=\"en_GB\" \/>\n<meta property=\"og:type\" content=\"article\" \/>\n<meta property=\"og:title\" content=\"Accesibilidad - Apolo Musical Instruments\" \/>\n<meta property=\"og:description\" content=\"Apolo Musical Instruments se ha comprometido a hacer accesibles su sitios web&nbsp;de conformidad con el&nbsp;Real Decreto 1112\/2018, de 7 de septiembre, sobre [&hellip;]\" \/>\n<meta property=\"og:url\" content=\"https:\/\/apoloinstruments.es\/en\/accesibilidad\/\" \/>\n<meta property=\"og:site_name\" content=\"Apolo Musical Instruments\" \/>\n<meta property=\"article:modified_time\" content=\"2026-01-02T12:26:33+00:00\" \/>\n<meta name=\"twitter:card\" content=\"summary_large_image\" \/>\n<meta name=\"twitter:label1\" content=\"Estimated reading time\" \/>\n\t<meta name=\"twitter:data1\" content=\"3 minutes\" \/>\n<script type=\"application\/ld+json\" class=\"yoast-schema-graph\">{\"@context\":\"https:\/\/schema.org\",\"@graph\":[{\"@type\":\"WebPage\",\"@id\":\"https:\/\/apoloinstruments.es\/accesibilidad\/\",\"url\":\"https:\/\/apoloinstruments.es\/accesibilidad\/\",\"name\":\"Accesibilidad - Apolo Musical Instruments\",\"isPartOf\":{\"@id\":\"https:\/\/apoloinstruments.es\/#website\"},\"datePublished\":\"2026-01-02T12:26:32+00:00\",\"dateModified\":\"2026-01-02T12:26:33+00:00\",\"breadcrumb\":{\"@id\":\"https:\/\/apoloinstruments.es\/accesibilidad\/#breadcrumb\"},\"inLanguage\":\"en-GB\",\"potentialAction\":[{\"@type\":\"ReadAction\",\"target\":[\"https:\/\/apoloinstruments.es\/accesibilidad\/\"]}]},{\"@type\":\"BreadcrumbList\",\"@id\":\"https:\/\/apoloinstruments.es\/accesibilidad\/#breadcrumb\",\"itemListElement\":[{\"@type\":\"ListItem\",\"position\":1,\"name\":\"Portada\",\"item\":\"https:\/\/apoloinstruments.es\/\"},{\"@type\":\"ListItem\",\"position\":2,\"name\":\"Accesibilidad\"}]},{\"@type\":\"WebSite\",\"@id\":\"https:\/\/apoloinstruments.es\/#website\",\"url\":\"https:\/\/apoloinstruments.es\/\",\"name\":\"Apolo Musical Instruments\",\"description\":\"\",\"publisher\":{\"@id\":\"https:\/\/apoloinstruments.es\/#organization\"},\"potentialAction\":[{\"@type\":\"SearchAction\",\"target\":{\"@type\":\"EntryPoint\",\"urlTemplate\":\"https:\/\/apoloinstruments.es\/?s={search_term_string}\"},\"query-input\":{\"@type\":\"PropertyValueSpecification\",\"valueRequired\":true,\"valueName\":\"search_term_string\"}}],\"inLanguage\":\"en-GB\"},{\"@type\":\"Organization\",\"@id\":\"https:\/\/apoloinstruments.es\/#organization\",\"name\":\"Apolo Musical Instruments\",\"url\":\"https:\/\/apoloinstruments.es\/\",\"logo\":{\"@type\":\"ImageObject\",\"inLanguage\":\"en-GB\",\"@id\":\"https:\/\/apoloinstruments.es\/#\/schema\/logo\/image\/\",\"url\":\"https:\/\/apoloinstruments.es\/wp-content\/uploads\/2025\/12\/apolo-musical-instruments-logo-compacto-blanco.webp\",\"contentUrl\":\"https:\/\/apoloinstruments.es\/wp-content\/uploads\/2025\/12\/apolo-musical-instruments-logo-compacto-blanco.webp\",\"width\":883,\"height\":1024,\"caption\":\"Apolo Musical Instruments\"},\"image\":{\"@id\":\"https:\/\/apoloinstruments.es\/#\/schema\/logo\/image\/\"}}]}<\/script>\n<!-- \/ Yoast SEO plugin. -->","yoast_head_json":{"title":"Accesibilidad - Apolo Musical Instruments","robots":{"index":"index","follow":"follow","max-snippet":"max-snippet:-1","max-image-preview":"max-image-preview:large","max-video-preview":"max-video-preview:-1"},"canonical":"https:\/\/apoloinstruments.es\/en\/accesibilidad\/","og_locale":"en_GB","og_type":"article","og_title":"Accesibilidad - Apolo Musical Instruments","og_description":"Apolo Musical Instruments se ha comprometido a hacer accesibles su sitios web&nbsp;de conformidad con el&nbsp;Real Decreto 1112\/2018, de 7 de septiembre, sobre [&hellip;]","og_url":"https:\/\/apoloinstruments.es\/en\/accesibilidad\/","og_site_name":"Apolo Musical Instruments","article_modified_time":"2026-01-02T12:26:33+00:00","twitter_card":"summary_large_image","twitter_misc":{"Estimated reading time":"3 minutes"},"schema":{"@context":"https:\/\/schema.org","@graph":[{"@type":"WebPage","@id":"https:\/\/apoloinstruments.es\/accesibilidad\/","url":"https:\/\/apoloinstruments.es\/accesibilidad\/","name":"Accesibilidad - Apolo Musical Instruments","isPartOf":{"@id":"https:\/\/apoloinstruments.es\/#website"},"datePublished":"2026-01-02T12:26:32+00:00","dateModified":"2026-01-02T12:26:33+00:00","breadcrumb":{"@id":"https:\/\/apoloinstruments.es\/accesibilidad\/#breadcrumb"},"inLanguage":"en-GB","potentialAction":[{"@type":"ReadAction","target":["https:\/\/apoloinstruments.es\/accesibilidad\/"]}]},{"@type":"BreadcrumbList","@id":"https:\/\/apoloinstruments.es\/accesibilidad\/#breadcrumb","itemListElement":[{"@type":"ListItem","position":1,"name":"Portada","item":"https:\/\/apoloinstruments.es\/"},{"@type":"ListItem","position":2,"name":"Accesibilidad"}]},{"@type":"WebSite","@id":"https:\/\/apoloinstruments.es\/#website","url":"https:\/\/apoloinstruments.es\/","name":"Apolo Musical Instruments","description":"","publisher":{"@id":"https:\/\/apoloinstruments.es\/#organization"},"potentialAction":[{"@type":"SearchAction","target":{"@type":"EntryPoint","urlTemplate":"https:\/\/apoloinstruments.es\/?s={search_term_string}"},"query-input":{"@type":"PropertyValueSpecification","valueRequired":true,"valueName":"search_term_string"}}],"inLanguage":"en-GB"},{"@type":"Organization","@id":"https:\/\/apoloinstruments.es\/#organization","name":"Apolo Musical Instruments","url":"https:\/\/apoloinstruments.es\/","logo":{"@type":"ImageObject","inLanguage":"en-GB","@id":"https:\/\/apoloinstruments.es\/#\/schema\/logo\/image\/","url":"https:\/\/apoloinstruments.es\/wp-content\/uploads\/2025\/12\/apolo-musical-instruments-logo-compacto-blanco.webp","contentUrl":"https:\/\/apoloinstruments.es\/wp-content\/uploads\/2025\/12\/apolo-musical-instruments-logo-compacto-blanco.webp","width":883,"height":1024,"caption":"Apolo Musical Instruments"},"image":{"@id":"https:\/\/apoloinstruments.es\/#\/schema\/logo\/image\/"}}]}},"_links":{"self":[{"href":"https:\/\/apoloinstruments.es\/en\/wp-json\/wp\/v2\/pages\/451","targetHints":{"allow":["GET"]}}],"collection":[{"href":"https:\/\/apoloinstruments.es\/en\/wp-json\/wp\/v2\/pages"}],"about":[{"href":"https:\/\/apoloinstruments.es\/en\/wp-json\/wp\/v2\/types\/page"}],"author":[{"embeddable":true,"href":"https:\/\/apoloinstruments.es\/en\/wp-json\/wp\/v2\/users\/3"}],"replies":[{"embeddable":true,"href":"https:\/\/apoloinstruments.es\/en\/wp-json\/wp\/v2\/comments?post=451"}],"version-history":[{"count":1,"href":"https:\/\/apoloinstruments.es\/en\/wp-json\/wp\/v2\/pages\/451\/revisions"}],"predecessor-version":[{"id":452,"href":"https:\/\/apoloinstruments.es\/en\/wp-json\/wp\/v2\/pages\/451\/revisions\/452"}],"wp:attachment":[{"href":"https:\/\/apoloinstruments.es\/en\/wp-json\/wp\/v2\/media?parent=451"}],"curies":[{"name":"wp","href":"https:\/\/api.w.org\/{rel}","templated":true}]}}