{"id":85,"date":"2025-12-15T14:38:09","date_gmt":"2025-12-15T13:38:09","guid":{"rendered":"https:\/\/apoloinstruments.es\/?page_id=85"},"modified":"2025-12-15T14:52:16","modified_gmt":"2025-12-15T13:52:16","slug":"elementor-85","status":"publish","type":"page","link":"https:\/\/apoloinstruments.es\/en\/elementor-85\/","title":{"rendered":"Mantenimiento"},"content":{"rendered":"<div data-elementor-type=\"wp-page\" data-elementor-id=\"85\" class=\"elementor elementor-85\" data-elementor-post-type=\"page\">\n\t\t\t\t<div class=\"elementor-element elementor-element-276c4f28 e-flex e-con-boxed e-con e-parent\" data-id=\"276c4f28\" data-element_type=\"container\" data-settings=\"{&quot;background_background&quot;:&quot;video&quot;,&quot;background_video_link&quot;:&quot;https:\\\/\\\/apoloinstruments.es\\\/wp-content\\\/uploads\\\/2025\\\/12\\\/0_Saxophone_Jazz_1920x1080.mp4&quot;}\">\n\t\t\t\t\t<div class=\"e-con-inner\">\n\t\t<div class=\"elementor-background-video-container elementor-hidden-mobile\" aria-hidden=\"true\">\n\t\t\t\t\t\t\t<video class=\"elementor-background-video-hosted\" autoplay muted playsinline loop><\/video>\n\t\t\t\t\t<\/div>\t\t<div class=\"elementor-element elementor-element-670a02a1 elementor-invisible elementor-widget elementor-widget-theme-site-logo elementor-widget-image\" data-id=\"670a02a1\" data-element_type=\"widget\" data-settings=\"{&quot;_animation&quot;:&quot;fadeInDown&quot;,&quot;_animation_delay&quot;:250}\" data-widget_type=\"theme-site-logo.default\">\n\t\t\t\t\t\t\t\t\t\t\t<a href=\"https:\/\/apoloinstruments.es\/en\">\n\t\t\t<img fetchpriority=\"high\" decoding=\"async\" width=\"883\" height=\"1024\" src=\"https:\/\/apoloinstruments.es\/wp-content\/uploads\/2025\/12\/apolo-musical-instruments-logo-compacto-blanco.webp\" class=\"attachment-full size-full wp-image-212\" alt=\"Apolo Instruments\" srcset=\"https:\/\/apoloinstruments.es\/wp-content\/uploads\/2025\/12\/apolo-musical-instruments-logo-compacto-blanco.webp 883w, https:\/\/apoloinstruments.es\/wp-content\/uploads\/2025\/12\/apolo-musical-instruments-logo-compacto-blanco-259x300.webp 259w, https:\/\/apoloinstruments.es\/wp-content\/uploads\/2025\/12\/apolo-musical-instruments-logo-compacto-blanco-768x891.webp 768w, https:\/\/apoloinstruments.es\/wp-content\/uploads\/2025\/12\/apolo-musical-instruments-logo-compacto-blanco-560x650.webp 560w, https:\/\/apoloinstruments.es\/wp-content\/uploads\/2025\/12\/apolo-musical-instruments-logo-compacto-blanco-600x696.webp 600w\" sizes=\"(max-width: 883px) 100vw, 883px\" \/>\t\t\t\t<\/a>\n\t\t\t\t\t\t\t\t\t\t\t<\/div>\n\t\t\t\t<div class=\"elementor-element elementor-element-783b4243 elementor-widget elementor-widget-heading\" data-id=\"783b4243\" data-element_type=\"widget\" data-widget_type=\"heading.default\">\n\t\t\t\t\t<h2 class=\"elementor-heading-title elementor-size-default\">Sitio Web en Construcci\u00f3n<\/h2>\t\t\t\t<\/div>\n\t\t<div class=\"elementor-element elementor-element-4fff219d e-con-full e-flex e-con e-child\" data-id=\"4fff219d\" data-element_type=\"container\">\n\t\t\t\t<div class=\"elementor-element elementor-element-179c0658 elementor-align-center elementor-widget elementor-widget-button\" data-id=\"179c0658\" data-element_type=\"widget\" data-widget_type=\"button.default\">\n\t\t\t\t\t\t\t\t\t\t<a class=\"elementor-button elementor-button-link elementor-size-sm\" href=\"tel:34604492146%20\">\n\t\t\t\t\t\t<span class=\"elementor-button-content-wrapper\">\n\t\t\t\t\t\t<span class=\"elementor-button-icon\">\n\t\t\t\t<svg aria-hidden=\"true\" class=\"e-font-icon-svg e-fas-phone-alt\" viewbox=\"0 0 512 512\" xmlns=\"http:\/\/www.w3.org\/2000\/svg\"><path d=\"M497.39 361.8l-112-48a24 24 0 0 0-28 6.9l-49.6 60.6A370.66 370.66 0 0 1 130.6 204.11l60.6-49.6a23.94 23.94 0 0 0 6.9-28l-48-112A24.16 24.16 0 0 0 122.6.61l-104 24A24 24 0 0 0 0 48c0 256.5 207.9 464 464 464a24 24 0 0 0 23.4-18.6l24-104a24.29 24.29 0 0 0-14.01-27.6z\"><\/path><\/svg>\t\t\t<\/span>\n\t\t\t\t\t\t\t\t\t<span class=\"elementor-button-text\">Tel\u00e9fono<\/span>\n\t\t\t\t\t<\/span>\n\t\t\t\t\t<\/a>\n\t\t\t\t\t\t\t\t<\/div>\n\t\t\t\t<div class=\"elementor-element elementor-element-5055d59c elementor-align-center elementor-widget elementor-widget-button\" data-id=\"5055d59c\" data-element_type=\"widget\" data-widget_type=\"button.default\">\n\t\t\t\t\t\t\t\t\t\t<a class=\"elementor-button elementor-button-link elementor-size-sm\" href=\"https:\/\/wa.me\/34604492146\">\n\t\t\t\t\t\t<span class=\"elementor-button-content-wrapper\">\n\t\t\t\t\t\t<span class=\"elementor-button-icon\">\n\t\t\t\t<svg aria-hidden=\"true\" class=\"e-font-icon-svg e-fab-whatsapp\" viewbox=\"0 0 448 512\" xmlns=\"http:\/\/www.w3.org\/2000\/svg\"><path d=\"M380.9 97.1C339 55.1 283.2 32 223.9 32c-122.4 0-222 99.6-222 222 0 39.1 10.2 77.3 29.6 111L0 480l117.7-30.9c32.4 17.7 68.9 27 106.1 27h.1c122.3 0 224.1-99.6 224.1-222 0-59.3-25.2-115-67.1-157zm-157 341.6c-33.2 0-65.7-8.9-94-25.7l-6.7-4-69.8 18.3L72 359.2l-4.4-7c-18.5-29.4-28.2-63.3-28.2-98.2 0-101.7 82.8-184.5 184.6-184.5 49.3 0 95.6 19.2 130.4 54.1 34.8 34.9 56.2 81.2 56.1 130.5 0 101.8-84.9 184.6-186.6 184.6zm101.2-138.2c-5.5-2.8-32.8-16.2-37.9-18-5.1-1.9-8.8-2.8-12.5 2.8-3.7 5.6-14.3 18-17.6 21.8-3.2 3.7-6.5 4.2-12 1.4-32.6-16.3-54-29.1-75.5-66-5.7-9.8 5.7-9.1 16.3-30.3 1.8-3.7.9-6.9-.5-9.7-1.4-2.8-12.5-30.1-17.1-41.2-4.5-10.8-9.1-9.3-12.5-9.5-3.2-.2-6.9-.2-10.6-.2-3.7 0-9.7 1.4-14.8 6.9-5.1 5.6-19.4 19-19.4 46.3 0 27.3 19.9 53.7 22.6 57.4 2.8 3.7 39.1 59.7 94.8 83.8 35.2 15.2 49 16.5 66.6 13.9 10.7-1.6 32.8-13.4 37.4-26.4 4.6-13 4.6-24.1 3.2-26.4-1.3-2.5-5-3.9-10.5-6.6z\"><\/path><\/svg>\t\t\t<\/span>\n\t\t\t\t\t\t\t\t\t<span class=\"elementor-button-text\">Whatsapp<\/span>\n\t\t\t\t\t<\/span>\n\t\t\t\t\t<\/a>\n\t\t\t\t\t\t\t\t<\/div>\n\t\t\t\t<\/div>\n\t\t<div class=\"elementor-element elementor-element-5c5b7fc9 e-con-full e-flex e-con e-child\" data-id=\"5c5b7fc9\" data-element_type=\"container\" data-settings=\"{&quot;background_background&quot;:&quot;classic&quot;,&quot;position&quot;:&quot;absolute&quot;}\">\n\t\t\t\t<div class=\"elementor-element elementor-element-72b10377 elementor-icon-list--layout-inline elementor-align-center elementor-list-item-link-full_width elementor-widget elementor-widget-icon-list\" data-id=\"72b10377\" data-element_type=\"widget\" data-widget_type=\"icon-list.default\">\n\t\t\t\t\t\t\t<ul class=\"elementor-icon-list-items elementor-inline-items\">\n\t\t\t\t\t\t\t<li class=\"elementor-icon-list-item elementor-inline-item\">\n\t\t\t\t\t\t\t\t\t\t<span class=\"elementor-icon-list-text\">&copy;2026 Apolo Musical Instruments<\/span>\n\t\t\t\t\t\t\t\t\t<\/li>\n\t\t\t\t\t\t\t\t<li class=\"elementor-icon-list-item elementor-inline-item\">\n\t\t\t\t\t\t\t\t\t\t\t<a href=\"https:\/\/crealogic.es\">\n\n\t\t\t\t\t\t\t\t\t\t\t<span class=\"elementor-icon-list-text\">Dise\u00f1o Web \u2764\ufe0f Crealogic<\/span>\n\t\t\t\t\t\t\t\t\t\t\t<\/a>\n\t\t\t\t\t\t\t\t\t<\/li>\n\t\t\t\t\t\t<\/ul>\n\t\t\t\t\t\t<\/div>\n\t\t\t\t<\/div>\n\t\t\t\t\t<\/div>\n\t\t\t\t<\/div>\n\t\t\t\t<\/div>","protected":false},"excerpt":{"rendered":"<p>Sitio Web en Construcci\u00f3n Tel\u00e9fono Whatsapp Dise\u00f1o Web \u2764\ufe0f Crealogic<\/p>","protected":false},"author":3,"featured_media":0,"parent":0,"menu_order":0,"comment_status":"closed","ping_status":"closed","template":"","meta":{"footnotes":""},"class_list":["post-85","page","type-page","status-publish","hentry"],"yoast_head":"<!-- This site is optimized with the Yoast SEO plugin v26.6 - https:\/\/yoast.com\/wordpress\/plugins\/seo\/ -->\n<title>Mantenimiento - Apolo Musical Instruments<\/title>\n<meta name=\"robots\" content=\"index, follow, max-snippet:-1, max-image-preview:large, max-video-preview:-1\" \/>\n<link rel=\"canonical\" href=\"https:\/\/apoloinstruments.es\/en\/elementor-85\/\" \/>\n<meta property=\"og:locale\" content=\"en_GB\" \/>\n<meta property=\"og:type\" content=\"article\" \/>\n<meta property=\"og:title\" content=\"Mantenimiento - Apolo Musical Instruments\" \/>\n<meta property=\"og:description\" content=\"Sitio Web en Construcci\u00f3n Tel\u00e9fono Whatsapp Dise\u00f1o Web \u2764\ufe0f Crealogic\" \/>\n<meta property=\"og:url\" content=\"https:\/\/apoloinstruments.es\/en\/elementor-85\/\" \/>\n<meta property=\"og:site_name\" content=\"Apolo Musical Instruments\" \/>\n<meta property=\"article:modified_time\" content=\"2025-12-15T13:52:16+00:00\" \/>\n<meta name=\"twitter:card\" content=\"summary_large_image\" \/>\n<meta name=\"twitter:label1\" content=\"Estimated reading time\" \/>\n\t<meta name=\"twitter:data1\" content=\"1 minute\" \/>\n<script type=\"application\/ld+json\" class=\"yoast-schema-graph\">{\"@context\":\"https:\/\/schema.org\",\"@graph\":[{\"@type\":\"WebPage\",\"@id\":\"https:\/\/apoloinstruments.es\/elementor-85\/\",\"url\":\"https:\/\/apoloinstruments.es\/elementor-85\/\",\"name\":\"Mantenimiento - Apolo Musical Instruments\",\"isPartOf\":{\"@id\":\"https:\/\/apoloinstruments.es\/#website\"},\"datePublished\":\"2025-12-15T13:38:09+00:00\",\"dateModified\":\"2025-12-15T13:52:16+00:00\",\"breadcrumb\":{\"@id\":\"https:\/\/apoloinstruments.es\/elementor-85\/#breadcrumb\"},\"inLanguage\":\"en-GB\",\"potentialAction\":[{\"@type\":\"ReadAction\",\"target\":[\"https:\/\/apoloinstruments.es\/elementor-85\/\"]}]},{\"@type\":\"BreadcrumbList\",\"@id\":\"https:\/\/apoloinstruments.es\/elementor-85\/#breadcrumb\",\"itemListElement\":[{\"@type\":\"ListItem\",\"position\":1,\"name\":\"Portada\",\"item\":\"https:\/\/apoloinstruments.es\/\"},{\"@type\":\"ListItem\",\"position\":2,\"name\":\"Mantenimiento\"}]},{\"@type\":\"WebSite\",\"@id\":\"https:\/\/apoloinstruments.es\/#website\",\"url\":\"https:\/\/apoloinstruments.es\/\",\"name\":\"Apolo Musical Instruments\",\"description\":\"\",\"publisher\":{\"@id\":\"https:\/\/apoloinstruments.es\/#organization\"},\"potentialAction\":[{\"@type\":\"SearchAction\",\"target\":{\"@type\":\"EntryPoint\",\"urlTemplate\":\"https:\/\/apoloinstruments.es\/?s={search_term_string}\"},\"query-input\":{\"@type\":\"PropertyValueSpecification\",\"valueRequired\":true,\"valueName\":\"search_term_string\"}}],\"inLanguage\":\"en-GB\"},{\"@type\":\"Organization\",\"@id\":\"https:\/\/apoloinstruments.es\/#organization\",\"name\":\"Apolo Musical Instruments\",\"url\":\"https:\/\/apoloinstruments.es\/\",\"logo\":{\"@type\":\"ImageObject\",\"inLanguage\":\"en-GB\",\"@id\":\"https:\/\/apoloinstruments.es\/#\/schema\/logo\/image\/\",\"url\":\"https:\/\/apoloinstruments.es\/wp-content\/uploads\/2025\/12\/apolo-musical-instruments-logo-compacto-blanco.webp\",\"contentUrl\":\"https:\/\/apoloinstruments.es\/wp-content\/uploads\/2025\/12\/apolo-musical-instruments-logo-compacto-blanco.webp\",\"width\":883,\"height\":1024,\"caption\":\"Apolo Musical Instruments\"},\"image\":{\"@id\":\"https:\/\/apoloinstruments.es\/#\/schema\/logo\/image\/\"}}]}<\/script>\n<!-- \/ Yoast SEO plugin. -->","yoast_head_json":{"title":"Mantenimiento - Apolo Musical Instruments","robots":{"index":"index","follow":"follow","max-snippet":"max-snippet:-1","max-image-preview":"max-image-preview:large","max-video-preview":"max-video-preview:-1"},"canonical":"https:\/\/apoloinstruments.es\/en\/elementor-85\/","og_locale":"en_GB","og_type":"article","og_title":"Mantenimiento - Apolo Musical Instruments","og_description":"Sitio Web en Construcci\u00f3n Tel\u00e9fono Whatsapp Dise\u00f1o Web \u2764\ufe0f Crealogic","og_url":"https:\/\/apoloinstruments.es\/en\/elementor-85\/","og_site_name":"Apolo Musical Instruments","article_modified_time":"2025-12-15T13:52:16+00:00","twitter_card":"summary_large_image","twitter_misc":{"Estimated reading time":"1 minute"},"schema":{"@context":"https:\/\/schema.org","@graph":[{"@type":"WebPage","@id":"https:\/\/apoloinstruments.es\/elementor-85\/","url":"https:\/\/apoloinstruments.es\/elementor-85\/","name":"Mantenimiento - Apolo Musical Instruments","isPartOf":{"@id":"https:\/\/apoloinstruments.es\/#website"},"datePublished":"2025-12-15T13:38:09+00:00","dateModified":"2025-12-15T13:52:16+00:00","breadcrumb":{"@id":"https:\/\/apoloinstruments.es\/elementor-85\/#breadcrumb"},"inLanguage":"en-GB","potentialAction":[{"@type":"ReadAction","target":["https:\/\/apoloinstruments.es\/elementor-85\/"]}]},{"@type":"BreadcrumbList","@id":"https:\/\/apoloinstruments.es\/elementor-85\/#breadcrumb","itemListElement":[{"@type":"ListItem","position":1,"name":"Portada","item":"https:\/\/apoloinstruments.es\/"},{"@type":"ListItem","position":2,"name":"Mantenimiento"}]},{"@type":"WebSite","@id":"https:\/\/apoloinstruments.es\/#website","url":"https:\/\/apoloinstruments.es\/","name":"Apolo Musical Instruments","description":"","publisher":{"@id":"https:\/\/apoloinstruments.es\/#organization"},"potentialAction":[{"@type":"SearchAction","target":{"@type":"EntryPoint","urlTemplate":"https:\/\/apoloinstruments.es\/?s={search_term_string}"},"query-input":{"@type":"PropertyValueSpecification","valueRequired":true,"valueName":"search_term_string"}}],"inLanguage":"en-GB"},{"@type":"Organization","@id":"https:\/\/apoloinstruments.es\/#organization","name":"Apolo Musical Instruments","url":"https:\/\/apoloinstruments.es\/","logo":{"@type":"ImageObject","inLanguage":"en-GB","@id":"https:\/\/apoloinstruments.es\/#\/schema\/logo\/image\/","url":"https:\/\/apoloinstruments.es\/wp-content\/uploads\/2025\/12\/apolo-musical-instruments-logo-compacto-blanco.webp","contentUrl":"https:\/\/apoloinstruments.es\/wp-content\/uploads\/2025\/12\/apolo-musical-instruments-logo-compacto-blanco.webp","width":883,"height":1024,"caption":"Apolo Musical Instruments"},"image":{"@id":"https:\/\/apoloinstruments.es\/#\/schema\/logo\/image\/"}}]}},"_links":{"self":[{"href":"https:\/\/apoloinstruments.es\/en\/wp-json\/wp\/v2\/pages\/85","targetHints":{"allow":["GET"]}}],"collection":[{"href":"https:\/\/apoloinstruments.es\/en\/wp-json\/wp\/v2\/pages"}],"about":[{"href":"https:\/\/apoloinstruments.es\/en\/wp-json\/wp\/v2\/types\/page"}],"author":[{"embeddable":true,"href":"https:\/\/apoloinstruments.es\/en\/wp-json\/wp\/v2\/users\/3"}],"replies":[{"embeddable":true,"href":"https:\/\/apoloinstruments.es\/en\/wp-json\/wp\/v2\/comments?post=85"}],"version-history":[{"count":8,"href":"https:\/\/apoloinstruments.es\/en\/wp-json\/wp\/v2\/pages\/85\/revisions"}],"predecessor-version":[{"id":96,"href":"https:\/\/apoloinstruments.es\/en\/wp-json\/wp\/v2\/pages\/85\/revisions\/96"}],"wp:attachment":[{"href":"https:\/\/apoloinstruments.es\/en\/wp-json\/wp\/v2\/media?parent=85"}],"curies":[{"name":"wp","href":"https:\/\/api.w.org\/{rel}","templated":true}]}}